{"id":1290,"date":"2021-12-22T14:27:24","date_gmt":"2021-12-22T14:27:24","guid":{"rendered":"https:\/\/startersites.io\/elementor\/homi\/?page_id=1290"},"modified":"2024-10-18T11:32:51","modified_gmt":"2024-10-18T11:32:51","slug":"iletisim","status":"publish","type":"page","link":"https:\/\/oboblog.com\/?page_id=1290","title":{"rendered":"\u0130leti\u015fim"},"content":{"rendered":"\t\t<div data-elementor-type=\"wp-page\" data-elementor-id=\"1290\" class=\"elementor elementor-1290\" data-elementor-post-type=\"page\">\n\t\t\t\t\t\t<section class=\"elementor-section elementor-top-section elementor-element elementor-element-e79f8a8 ct-section-stretched elementor-section-height-min-height elementor-section-boxed elementor-section-height-default elementor-section-items-middle\" data-id=\"e79f8a8\" data-element_type=\"section\" data-settings=\"{&quot;background_background&quot;:&quot;classic&quot;}\">\n\t\t\t\t\t\t<div class=\"elementor-container elementor-column-gap-default\">\n\t\t\t\t\t<div class=\"elementor-column elementor-col-100 elementor-top-column elementor-element elementor-element-8553492\" data-id=\"8553492\" data-element_type=\"column\">\n\t\t\t<div class=\"elementor-widget-wrap\">\n\t\t\t\t\t\t\t<\/div>\n\t\t<\/div>\n\t\t\t\t\t<\/div>\n\t\t<\/section>\n\t\t\t\t<section class=\"elementor-section elementor-top-section elementor-element elementor-element-27bfd50 elementor-section-boxed elementor-section-height-default elementor-section-height-default\" data-id=\"27bfd50\" data-element_type=\"section\">\n\t\t\t\t\t\t<div class=\"elementor-container elementor-column-gap-default\">\n\t\t\t\t\t<div class=\"elementor-column elementor-col-50 elementor-top-column elementor-element elementor-element-0fd464e\" data-id=\"0fd464e\" data-element_type=\"column\">\n\t\t\t<div class=\"elementor-widget-wrap elementor-element-populated\">\n\t\t\t\t\t\t<div class=\"elementor-element elementor-element-f0bfab9 elementor-widget elementor-widget-spacer\" data-id=\"f0bfab9\" data-element_type=\"widget\" data-widget_type=\"spacer.default\">\n\t\t\t\t<div class=\"elementor-widget-container\">\n\t\t\t\t\t<div class=\"elementor-spacer\">\n\t\t\t<div class=\"elementor-spacer-inner\"><\/div>\n\t\t<\/div>\n\t\t\t\t<\/div>\n\t\t\t\t<\/div>\n\t\t\t\t<div class=\"elementor-element elementor-element-c2093ff elementor-position-left elementor-view-default elementor-mobile-position-top elementor-vertical-align-top elementor-widget elementor-widget-icon-box\" data-id=\"c2093ff\" data-element_type=\"widget\" data-widget_type=\"icon-box.default\">\n\t\t\t\t<div class=\"elementor-widget-container\">\n\t\t\t\t\t<div class=\"elementor-icon-box-wrapper\">\n\n\t\t\t\t\t\t<div class=\"elementor-icon-box-icon\">\n\t\t\t\t<span  class=\"elementor-icon elementor-animation-\">\n\t\t\t\t<svg aria-hidden=\"true\" class=\"e-font-icon-svg e-fas-map-marker-alt\" viewBox=\"0 0 384 512\" xmlns=\"http:\/\/www.w3.org\/2000\/svg\"><path d=\"M172.268 501.67C26.97 291.031 0 269.413 0 192 0 85.961 85.961 0 192 0s192 85.961 192 192c0 77.413-26.97 99.031-172.268 309.67-9.535 13.774-29.93 13.773-39.464 0zM192 272c44.183 0 80-35.817 80-80s-35.817-80-80-80-80 35.817-80 80 35.817 80 80 80z\"><\/path><\/svg>\t\t\t\t<\/span>\n\t\t\t<\/div>\n\t\t\t\n\t\t\t\t\t\t<div class=\"elementor-icon-box-content\">\n\n\t\t\t\t\t\t\t\t\t<h3 class=\"elementor-icon-box-title\">\n\t\t\t\t\t\t<span  >\n\t\t\t\t\t\t\tAdresimiz\t\t\t\t\t\t<\/span>\n\t\t\t\t\t<\/h3>\n\t\t\t\t\n\t\t\t\t\t\t\t\t\t<p class=\"elementor-icon-box-description\">\n\t\t\t\t\t\t\u00c7erke\u015fli OSB Mahallesi \u0130mes OSB <br\/>\n5. Cadde No : 9 41455 <br\/>\nD\u0130LOVASI \u2013 KOCAEL\u0130 <br\/>\nTel : + 90 262 290 90 29 <br\/>\nFax: + 90 262 290 90 494\t\t\t\t\t<\/p>\n\t\t\t\t\n\t\t\t<\/div>\n\t\t\t\n\t\t<\/div>\n\t\t\t\t<\/div>\n\t\t\t\t<\/div>\n\t\t\t\t<div class=\"elementor-element elementor-element-d6ebf2e elementor-position-left elementor-view-default elementor-mobile-position-top elementor-vertical-align-top elementor-widget elementor-widget-icon-box\" data-id=\"d6ebf2e\" data-element_type=\"widget\" data-widget_type=\"icon-box.default\">\n\t\t\t\t<div class=\"elementor-widget-container\">\n\t\t\t\t\t<div class=\"elementor-icon-box-wrapper\">\n\n\t\t\t\t\t\t<div class=\"elementor-icon-box-icon\">\n\t\t\t\t<span  class=\"elementor-icon elementor-animation-\">\n\t\t\t\t<svg aria-hidden=\"true\" class=\"e-font-icon-svg e-fas-envelope\" viewBox=\"0 0 512 512\" xmlns=\"http:\/\/www.w3.org\/2000\/svg\"><path d=\"M502.3 190.8c3.9-3.1 9.7-.2 9.7 4.7V400c0 26.5-21.5 48-48 48H48c-26.5 0-48-21.5-48-48V195.6c0-5 5.7-7.8 9.7-4.7 22.4 17.4 52.1 39.5 154.1 113.6 21.1 15.4 56.7 47.8 92.2 47.6 35.7.3 72-32.8 92.3-47.6 102-74.1 131.6-96.3 154-113.7zM256 320c23.2.4 56.6-29.2 73.4-41.4 132.7-96.3 142.8-104.7 173.4-128.7 5.8-4.5 9.2-11.5 9.2-18.9v-19c0-26.5-21.5-48-48-48H48C21.5 64 0 85.5 0 112v19c0 7.4 3.4 14.3 9.2 18.9 30.6 23.9 40.7 32.4 173.4 128.7 16.8 12.2 50.2 41.8 73.4 41.4z\"><\/path><\/svg>\t\t\t\t<\/span>\n\t\t\t<\/div>\n\t\t\t\n\t\t\t\t\t\t<div class=\"elementor-icon-box-content\">\n\n\t\t\t\t\t\t\t\t\t<h3 class=\"elementor-icon-box-title\">\n\t\t\t\t\t\t<span  >\n\t\t\t\t\t\t\tE-mail\t\t\t\t\t\t<\/span>\n\t\t\t\t\t<\/h3>\n\t\t\t\t\n\t\t\t\t\t\t\t\t\t<p class=\"elementor-icon-box-description\">\n\t\t\t\t\t\tinfo@obobettermann.ist\t\t\t\t\t<\/p>\n\t\t\t\t\n\t\t\t<\/div>\n\t\t\t\n\t\t<\/div>\n\t\t\t\t<\/div>\n\t\t\t\t<\/div>\n\t\t\t\t<div class=\"elementor-element elementor-element-27378d9 elementor-position-left elementor-view-default elementor-mobile-position-top elementor-vertical-align-top elementor-widget elementor-widget-icon-box\" data-id=\"27378d9\" data-element_type=\"widget\" data-widget_type=\"icon-box.default\">\n\t\t\t\t<div class=\"elementor-widget-container\">\n\t\t\t\t\t<div class=\"elementor-icon-box-wrapper\">\n\n\t\t\t\t\t\t<div class=\"elementor-icon-box-icon\">\n\t\t\t\t<span  class=\"elementor-icon elementor-animation-\">\n\t\t\t\t<svg aria-hidden=\"true\" class=\"e-font-icon-svg e-fas-phone-alt\" viewBox=\"0 0 512 512\" xmlns=\"http:\/\/www.w3.org\/2000\/svg\"><path d=\"M497.39 361.8l-112-48a24 24 0 0 0-28 6.9l-49.6 60.6A370.66 370.66 0 0 1 130.6 204.11l60.6-49.6a23.94 23.94 0 0 0 6.9-28l-48-112A24.16 24.16 0 0 0 122.6.61l-104 24A24 24 0 0 0 0 48c0 256.5 207.9 464 464 464a24 24 0 0 0 23.4-18.6l24-104a24.29 24.29 0 0 0-14.01-27.6z\"><\/path><\/svg>\t\t\t\t<\/span>\n\t\t\t<\/div>\n\t\t\t\n\t\t\t\t\t\t<div class=\"elementor-icon-box-content\">\n\n\t\t\t\t\t\t\t\t\t<h3 class=\"elementor-icon-box-title\">\n\t\t\t\t\t\t<span  >\n\t\t\t\t\t\t\t\u0130rtibat Numaras\u0131\t\t\t\t\t\t<\/span>\n\t\t\t\t\t<\/h3>\n\t\t\t\t\n\t\t\t\t\t\t\t\t\t<p class=\"elementor-icon-box-description\">\n\t\t\t\t\t\tTel : + 90 262 290 90 29<br\/>\nFax: + 90 262 290 90 49\t\t\t\t\t<\/p>\n\t\t\t\t\n\t\t\t<\/div>\n\t\t\t\n\t\t<\/div>\n\t\t\t\t<\/div>\n\t\t\t\t<\/div>\n\t\t\t\t\t<\/div>\n\t\t<\/div>\n\t\t\t\t<div class=\"elementor-column elementor-col-50 elementor-top-column elementor-element elementor-element-2f4131b\" data-id=\"2f4131b\" data-element_type=\"column\" data-settings=\"{&quot;background_background&quot;:&quot;classic&quot;}\">\n\t\t\t<div class=\"elementor-widget-wrap elementor-element-populated\">\n\t\t\t\t\t\t<div class=\"elementor-element elementor-element-ffa921f elementor-widget elementor-widget-google_maps\" data-id=\"ffa921f\" data-element_type=\"widget\" data-widget_type=\"google_maps.default\">\n\t\t\t\t<div class=\"elementor-widget-container\">\n\t\t\t\t\t<div class=\"elementor-custom-embed\">\n\t\t\t<iframe loading=\"lazy\"\n\t\t\t\t\tsrc=\"https:\/\/maps.google.com\/maps?q=%C4%B0mes%20OSB%205.%20Cadde%20No%20%3A%209&#038;t=m&#038;z=15&#038;output=embed&#038;iwloc=near\"\n\t\t\t\t\ttitle=\"\u0130mes OSB 5. Cadde No : 9\"\n\t\t\t\t\taria-label=\"\u0130mes OSB 5. Cadde No : 9\"\n\t\t\t><\/iframe>\n\t\t<\/div>\n\t\t\t\t<\/div>\n\t\t\t\t<\/div>\n\t\t\t\t\t<\/div>\n\t\t<\/div>\n\t\t\t\t\t<\/div>\n\t\t<\/section>\n\t\t<div class=\"elementor-element elementor-element-b10793a e-flex e-con-boxed e-con e-parent\" data-id=\"b10793a\" data-element_type=\"container\">\n\t\t\t\t\t<div class=\"e-con-inner\">\n\t\t\t\t<div class=\"elementor-element elementor-element-61b6c46 elementor-widget elementor-widget-spacer\" data-id=\"61b6c46\" data-element_type=\"widget\" data-widget_type=\"spacer.default\">\n\t\t\t\t<div class=\"elementor-widget-container\">\n\t\t\t\t\t<div class=\"elementor-spacer\">\n\t\t\t<div class=\"elementor-spacer-inner\"><\/div>\n\t\t<\/div>\n\t\t\t\t<\/div>\n\t\t\t\t<\/div>\n\t\t\t\t\t<\/div>\n\t\t\t\t<\/div>\n\t\t\t\t<\/div>\n\t\t","protected":false},"excerpt":{"rendered":"<p>Adresimiz \u00c7erke\u015fli OSB Mahallesi \u0130mes OSB 5. Cadde No : 9 41455 D\u0130LOVASI \u2013 KOCAEL\u0130 Tel : + 90 262 290 90 29 Fax: + 90 262 290 90 494 E-mail info@obobettermann.ist \u0130rtibat Numaras\u0131 Tel : + 90 262 290 90 29 Fax: + 90 262 290 90 49<\/p>\n","protected":false},"author":1,"featured_media":0,"parent":0,"menu_order":0,"comment_status":"closed","ping_status":"closed","template":"elementor_header_footer","meta":{"footnotes":""},"class_list":["post-1290","page","type-page","status-publish","hentry"],"blocksy_meta":{"styles_descriptor":{"styles":{"desktop":"","tablet":"","mobile":""},"google_fonts":[],"version":6}},"yoast_head":"<!-- This site is optimized with the Yoast SEO plugin v23.6 - https:\/\/yoast.com\/wordpress\/plugins\/seo\/ -->\n<title>\u0130leti\u015fim - OBO - BLOG<\/title>\n<meta name=\"robots\" content=\"index, follow, max-snippet:-1, max-image-preview:large, max-video-preview:-1\" \/>\n<link rel=\"canonical\" href=\"https:\/\/oboblog.com\/?page_id=1290\" \/>\n<meta property=\"og:locale\" content=\"tr_TR\" \/>\n<meta property=\"og:type\" content=\"article\" \/>\n<meta property=\"og:title\" content=\"\u0130leti\u015fim - OBO - BLOG\" \/>\n<meta property=\"og:description\" content=\"Adresimiz \u00c7erke\u015fli OSB Mahallesi \u0130mes OSB 5. Cadde No : 9 41455 D\u0130LOVASI \u2013 KOCAEL\u0130 Tel : + 90 262 290 90 29 Fax: + 90 262 290 90 494 E-mail info@obobettermann.ist \u0130rtibat Numaras\u0131 Tel : + 90 262 290 90 29 Fax: + 90 262 290 90 49\" \/>\n<meta property=\"og:url\" content=\"https:\/\/oboblog.com\/?page_id=1290\" \/>\n<meta property=\"og:site_name\" content=\"OBO - BLOG\" \/>\n<meta property=\"article:publisher\" content=\"https:\/\/www.facebook.com\/obobettermannturkiye\/\" \/>\n<meta property=\"article:modified_time\" content=\"2024-10-18T11:32:51+00:00\" \/>\n<meta name=\"twitter:card\" content=\"summary_large_image\" \/>\n<script type=\"application\/ld+json\" class=\"yoast-schema-graph\">{\"@context\":\"https:\/\/schema.org\",\"@graph\":[{\"@type\":\"WebPage\",\"@id\":\"https:\/\/oboblog.com\/?page_id=1290\",\"url\":\"https:\/\/oboblog.com\/?page_id=1290\",\"name\":\"\u0130leti\u015fim - OBO - BLOG\",\"isPartOf\":{\"@id\":\"https:\/\/oboblog.com\/#website\"},\"datePublished\":\"2021-12-22T14:27:24+00:00\",\"dateModified\":\"2024-10-18T11:32:51+00:00\",\"breadcrumb\":{\"@id\":\"https:\/\/oboblog.com\/?page_id=1290#breadcrumb\"},\"inLanguage\":\"tr\",\"potentialAction\":[{\"@type\":\"ReadAction\",\"target\":[\"https:\/\/oboblog.com\/?page_id=1290\"]}]},{\"@type\":\"BreadcrumbList\",\"@id\":\"https:\/\/oboblog.com\/?page_id=1290#breadcrumb\",\"itemListElement\":[{\"@type\":\"ListItem\",\"position\":1,\"name\":\"Anasayfa\",\"item\":\"https:\/\/oboblog.com\/\"},{\"@type\":\"ListItem\",\"position\":2,\"name\":\"\u0130leti\u015fim\"}]},{\"@type\":\"WebSite\",\"@id\":\"https:\/\/oboblog.com\/#website\",\"url\":\"https:\/\/oboblog.com\/\",\"name\":\"OBO - BLOG\",\"description\":\"\",\"publisher\":{\"@id\":\"https:\/\/oboblog.com\/#organization\"},\"potentialAction\":[{\"@type\":\"SearchAction\",\"target\":{\"@type\":\"EntryPoint\",\"urlTemplate\":\"https:\/\/oboblog.com\/?s={search_term_string}\"},\"query-input\":{\"@type\":\"PropertyValueSpecification\",\"valueRequired\":true,\"valueName\":\"search_term_string\"}}],\"inLanguage\":\"tr\"},{\"@type\":\"Organization\",\"@id\":\"https:\/\/oboblog.com\/#organization\",\"name\":\"OBO BETTERMANN\",\"url\":\"https:\/\/oboblog.com\/\",\"logo\":{\"@type\":\"ImageObject\",\"inLanguage\":\"tr\",\"@id\":\"https:\/\/oboblog.com\/#\/schema\/logo\/image\/\",\"url\":\"https:\/\/oboblog.com\/wp-content\/uploads\/2024\/10\/toplogo.png\",\"contentUrl\":\"https:\/\/oboblog.com\/wp-content\/uploads\/2024\/10\/toplogo.png\",\"width\":250,\"height\":162,\"caption\":\"OBO BETTERMANN\"},\"image\":{\"@id\":\"https:\/\/oboblog.com\/#\/schema\/logo\/image\/\"},\"sameAs\":[\"https:\/\/www.facebook.com\/obobettermannturkiye\/\",\"https:\/\/www.youtube.com\/channel\/UCw-qKyyqg1e92LYldHUHxUA\"]}]}<\/script>\n<!-- \/ Yoast SEO plugin. -->","yoast_head_json":{"title":"\u0130leti\u015fim - OBO - BLOG","robots":{"index":"index","follow":"follow","max-snippet":"max-snippet:-1","max-image-preview":"max-image-preview:large","max-video-preview":"max-video-preview:-1"},"canonical":"https:\/\/oboblog.com\/?page_id=1290","og_locale":"tr_TR","og_type":"article","og_title":"\u0130leti\u015fim - OBO - BLOG","og_description":"Adresimiz \u00c7erke\u015fli OSB Mahallesi \u0130mes OSB 5. Cadde No : 9 41455 D\u0130LOVASI \u2013 KOCAEL\u0130 Tel : + 90 262 290 90 29 Fax: + 90 262 290 90 494 E-mail info@obobettermann.ist \u0130rtibat Numaras\u0131 Tel : + 90 262 290 90 29 Fax: + 90 262 290 90 49","og_url":"https:\/\/oboblog.com\/?page_id=1290","og_site_name":"OBO - BLOG","article_publisher":"https:\/\/www.facebook.com\/obobettermannturkiye\/","article_modified_time":"2024-10-18T11:32:51+00:00","twitter_card":"summary_large_image","schema":{"@context":"https:\/\/schema.org","@graph":[{"@type":"WebPage","@id":"https:\/\/oboblog.com\/?page_id=1290","url":"https:\/\/oboblog.com\/?page_id=1290","name":"\u0130leti\u015fim - OBO - BLOG","isPartOf":{"@id":"https:\/\/oboblog.com\/#website"},"datePublished":"2021-12-22T14:27:24+00:00","dateModified":"2024-10-18T11:32:51+00:00","breadcrumb":{"@id":"https:\/\/oboblog.com\/?page_id=1290#breadcrumb"},"inLanguage":"tr","potentialAction":[{"@type":"ReadAction","target":["https:\/\/oboblog.com\/?page_id=1290"]}]},{"@type":"BreadcrumbList","@id":"https:\/\/oboblog.com\/?page_id=1290#breadcrumb","itemListElement":[{"@type":"ListItem","position":1,"name":"Anasayfa","item":"https:\/\/oboblog.com\/"},{"@type":"ListItem","position":2,"name":"\u0130leti\u015fim"}]},{"@type":"WebSite","@id":"https:\/\/oboblog.com\/#website","url":"https:\/\/oboblog.com\/","name":"OBO - BLOG","description":"","publisher":{"@id":"https:\/\/oboblog.com\/#organization"},"potentialAction":[{"@type":"SearchAction","target":{"@type":"EntryPoint","urlTemplate":"https:\/\/oboblog.com\/?s={search_term_string}"},"query-input":{"@type":"PropertyValueSpecification","valueRequired":true,"valueName":"search_term_string"}}],"inLanguage":"tr"},{"@type":"Organization","@id":"https:\/\/oboblog.com\/#organization","name":"OBO BETTERMANN","url":"https:\/\/oboblog.com\/","logo":{"@type":"ImageObject","inLanguage":"tr","@id":"https:\/\/oboblog.com\/#\/schema\/logo\/image\/","url":"https:\/\/oboblog.com\/wp-content\/uploads\/2024\/10\/toplogo.png","contentUrl":"https:\/\/oboblog.com\/wp-content\/uploads\/2024\/10\/toplogo.png","width":250,"height":162,"caption":"OBO BETTERMANN"},"image":{"@id":"https:\/\/oboblog.com\/#\/schema\/logo\/image\/"},"sameAs":["https:\/\/www.facebook.com\/obobettermannturkiye\/","https:\/\/www.youtube.com\/channel\/UCw-qKyyqg1e92LYldHUHxUA"]}]}},"pbg_featured_image_src":{"full":false,"thumbnail":false,"medium":false,"medium_large":false,"large":false,"1536x1536":false,"2048x2048":false,"depicter-thumbnail":false},"pbg_author_info":{"display_name":"admin","author_link":"https:\/\/oboblog.com\/?author=1","author_img":"<img alt='admin' src='https:\/\/secure.gravatar.com\/avatar\/d6dc02292423bbabfec22e5db6c009cc221237fbc022c84b1f6121dc307ade39?s=128&#038;r=g' srcset='https:\/\/secure.gravatar.com\/avatar\/d6dc02292423bbabfec22e5db6c009cc221237fbc022c84b1f6121dc307ade39?s=256&#038;r=g 2x' class='avatar avatar-128 photo' height='128' width='128' decoding='async'\/>"},"pbg_comment_info":" No Comments","pbg_excerpt":"Adresimiz \u00c7erke\u015fli OSB Mahallesi \u0130mes OSB 5. Cadde No : 9 41455 D\u0130LOVASI \u2013 KOCAEL\u0130 Tel : + 90 262 290 90 29 Fax: + 90 262 290 90 494 E-mail info@obobettermann.ist \u0130rtibat Numaras\u0131 Tel : + 90 262 290 90 29 Fax: + 90 262 290 90 49","_links":{"self":[{"href":"https:\/\/oboblog.com\/index.php?rest_route=\/wp\/v2\/pages\/1290","targetHints":{"allow":["GET"]}}],"collection":[{"href":"https:\/\/oboblog.com\/index.php?rest_route=\/wp\/v2\/pages"}],"about":[{"href":"https:\/\/oboblog.com\/index.php?rest_route=\/wp\/v2\/types\/page"}],"author":[{"embeddable":true,"href":"https:\/\/oboblog.com\/index.php?rest_route=\/wp\/v2\/users\/1"}],"replies":[{"embeddable":true,"href":"https:\/\/oboblog.com\/index.php?rest_route=%2Fwp%2Fv2%2Fcomments&post=1290"}],"version-history":[{"count":13,"href":"https:\/\/oboblog.com\/index.php?rest_route=\/wp\/v2\/pages\/1290\/revisions"}],"predecessor-version":[{"id":6120,"href":"https:\/\/oboblog.com\/index.php?rest_route=\/wp\/v2\/pages\/1290\/revisions\/6120"}],"wp:attachment":[{"href":"https:\/\/oboblog.com\/index.php?rest_route=%2Fwp%2Fv2%2Fmedia&parent=1290"}],"curies":[{"name":"wp","href":"https:\/\/api.w.org\/{rel}","templated":true}]}}